{"id":481,"date":"2020-12-19T03:28:24","date_gmt":"2020-12-19T03:28:24","guid":{"rendered":"https:\/\/proyet.com.mx\/?page_id=481"},"modified":"2020-12-21T21:33:16","modified_gmt":"2020-12-21T21:33:16","slug":"481-2","status":"publish","type":"page","link":"https:\/\/proyet.com.mx\/?page_id=481","title":{"rendered":"FAQ"},"content":{"rendered":"<p>[et_pb_section fb_built=&#8221;1&#8243; admin_label=&#8221;FAQ&#8221; _builder_version=&#8221;4.7.6&#8243; use_background_color_gradient=&#8221;on&#8221; background_color_gradient_start=&#8221;#000000&#8243; background_color_gradient_end=&#8221;#e00b00&#8243; overflow-x=&#8221;hidden&#8221; overflow-y=&#8221;hidden&#8221; custom_margin=&#8221;||5vw||false|false&#8221; custom_padding=&#8221;3vw||0px||false|false&#8221; locked=&#8221;off&#8221;][et_pb_row column_structure=&#8221;2_5,3_5&#8243; _builder_version=&#8221;4.7.3&#8243; custom_padding=&#8221;0px||0px||true|false&#8221; box_shadow_style=&#8221;preset4&#8243; box_shadow_horizontal=&#8221;30vw&#8221; box_shadow_vertical=&#8221;0px&#8221; box_shadow_color=&#8221;#ffffff&#8221; box_shadow_horizontal_tablet=&#8221;&#8221; box_shadow_horizontal_phone=&#8221;&#8221; box_shadow_horizontal_last_edited=&#8221;on|phone&#8221;][et_pb_column type=&#8221;2_5&#8243; _builder_version=&#8221;4.7.3&#8243; custom_padding=&#8221;100px||100px||true|false&#8221; custom_padding_tablet=&#8221;|40px|5vw|40px|false|true&#8221; custom_padding_last_edited=&#8221;off|desktop&#8221; background_last_edited=&#8221;on|desktop&#8221;][et_pb_text _builder_version=&#8221;4.6.6&#8243; header_2_font=&#8221;Kanit|700|||||||&#8221; header_2_font_size=&#8221;48px&#8221; header_2_line_height=&#8221;1.2em&#8221; background_layout=&#8221;dark&#8221; header_2_font_size_tablet=&#8221;&#8221; header_2_font_size_phone=&#8221;30px&#8221; header_2_font_size_last_edited=&#8221;on|phone&#8221; locked=&#8221;off&#8221;]<\/p>\n<h2>Preguntas frecuentes de clientes<\/h2>\n<p>[\/et_pb_text][et_pb_text _builder_version=&#8221;4.7.4&#8243; text_font=&#8221;|300|||||||&#8221; text_font_size=&#8221;30px&#8221; text_line_height=&#8221;1.4em&#8221; link_text_color=&#8221;#ffffff&#8221; header_4_font=&#8221;Kanit|600|||||||&#8221; header_4_letter_spacing=&#8221;2px&#8221; header_4_line_height=&#8221;1.8em&#8221; background_layout=&#8221;dark&#8221; text_font_size_tablet=&#8221;25px&#8221; text_font_size_phone=&#8221;22px&#8221; text_font_size_last_edited=&#8221;on|phone&#8221; locked=&#8221;off&#8221;]<\/p>\n<h4>M\u00e1ndanos tu pregunta:<\/h4>\n<h6><span style=\"text-decoration: underline; color: #0000ff;\"><a href=\"mailto:autoservicioproyet@gmail.com\" style=\"color: #0000ff; text-decoration: underline;\">autoservicioproyet@gmail.com<\/a><\/span><\/h6>\n<p>[\/et_pb_text][\/et_pb_column][et_pb_column type=&#8221;3_5&#8243; _builder_version=&#8221;4.7.3&#8243; background_color=&#8221;#ffffff&#8221; transform_translate=&#8221;1px|0px&#8221; transform_translate_linked=&#8221;off&#8221; custom_padding=&#8221;100px|40px|100px|40px|true|true&#8221; custom_padding_tablet=&#8221;5vw|30px||30px|false|true&#8221; custom_padding_phone=&#8221;|20px||20px|false|true&#8221; custom_padding_last_edited=&#8221;on|phone&#8221; box_shadow_horizontal_last_edited=&#8221;off|phone&#8221; box_shadow_spread_tablet=&#8221;0vw&#8221; box_shadow_spread_phone=&#8221;&#8221; box_shadow_spread_last_edited=&#8221;on|phone&#8221;][et_pb_accordion _builder_version=&#8221;4.7.6&#8243; _module_preset=&#8221;default&#8221;][et_pb_accordion_item title=&#8221;\u00bfPor que debo darle mantenimiento a mi auto?&#8221; open=&#8221;on&#8221; _builder_version=&#8221;4.7.6&#8243; _module_preset=&#8221;default&#8221;]<\/p>\n<h4>Una de las razones principales del mantenimiento autom\u00f3vil es darle una lapso m\u00e1s amplio de vida a todo el mecanismo que logra el arranque de nuestro autom\u00f3vil, sin este el tiempo de vida es m\u00e1s corto y en casos m\u00e1s graves puede causar accidentes.<\/h4>\n<p>[\/et_pb_accordion_item][et_pb_accordion_item title=&#8221;\u00bfCu\u00e1ndo debo afinar mi veh\u00edculo?&#8221; _builder_version=&#8221;4.7.6&#8243; _module_preset=&#8221;default&#8221; open=&#8221;off&#8221;]<\/p>\n<p><span>Cada 10,000 Kms o 6 meses o dependiendo lo que indique tu manual de servicio.<\/span><\/p>\n<p>[\/et_pb_accordion_item][et_pb_accordion_item title=&#8221;\u00bfCu\u00e1ndo debo cambiar el aceite del Motor?&#8221; _builder_version=&#8221;4.7.6&#8243; _module_preset=&#8221;default&#8221; open=&#8221;off&#8221;]<\/p>\n<p><span>Cada 5,000 Kms o 3 meses con aceite org\u00e1nico; y cada 10,000 Kms o 6 meses aceite sint\u00e9tico.<\/span><\/p>\n<p>[\/et_pb_accordion_item][et_pb_accordion_item title=&#8221;\u00bfCu\u00e1ndo se debe cambiar el l\u00edquido para frenos?&#8221; _builder_version=&#8221;4.7.6&#8243; _module_preset=&#8221;default&#8221; open=&#8221;off&#8221;]<\/p>\n<p><span>Cada a\u00f1o en sistemas ABS o 20,000 Kms y cada 2 a\u00f1os o 40,000 Kms en sistemas convencionales. El l\u00edquido debe cambiarse debido a que es higrosc\u00f3pico, es decir que absorbe humedad y se generan dep\u00f3sitos que pueden da\u00f1ar las distintas partes del sistema.<\/span><\/p>\n<p>[\/et_pb_accordion_item][et_pb_accordion_item title=&#8221;\u00bfCu\u00e1ndo debo cambiar el aceite de transmisi\u00f3n?&#8221; _builder_version=&#8221;4.7.6&#8243; _module_preset=&#8221;default&#8221; open=&#8221;off&#8221;]<\/p>\n<p><span>Cada 60,000 Kms \u00f3 3 a\u00f1os. En autom\u00f3viles de lujo de modelo reciente se utiliza aceite sint\u00e9tico con aditivos especiales por lo que hay modelos que no requieren cambio, recuerda consultar siempre con nosotros.<\/span><\/p>\n<p>[\/et_pb_accordion_item][\/et_pb_accordion][\/et_pb_column][\/et_pb_row][\/et_pb_section][et_pb_section fb_built=&#8221;1&#8243; custom_padding_last_edited=&#8221;on|phone&#8221; admin_label=&#8221;Footer&#8221; _builder_version=&#8221;4.7.6&#8243; background_color=&#8221;#e02b20&#8243; use_background_color_gradient=&#8221;on&#8221; background_color_gradient_start=&#8221;#e00b00&#8243; background_color_gradient_end=&#8221;#000000&#8243; custom_margin=&#8221;80px||-7px||false|false&#8221; custom_margin_tablet=&#8221;&#8221; custom_margin_phone=&#8221;0px||||false|false&#8221; custom_margin_last_edited=&#8221;on|phone&#8221; custom_padding=&#8221;0px||35px||false|false&#8221; custom_padding_tablet=&#8221;&#8221; custom_padding_phone=&#8221;48px||48px||true|false&#8221; saved_tabs=&#8221;all&#8221; locked=&#8221;off&#8221;][et_pb_row column_structure=&#8221;1_3,1_3,1_3&#8243; custom_padding_last_edited=&#8221;on|phone&#8221; _builder_version=&#8221;4.7.3&#8243; use_background_color_gradient=&#8221;on&#8221; background_color_gradient_start=&#8221;rgba(23,0,190,0)&#8221; background_color_gradient_end=&#8221;#00208a&#8221; background_color_gradient_direction=&#8221;135deg&#8221; background_color_gradient_start_position=&#8221;63.5%&#8221; background_color_gradient_end_position=&#8221;5%&#8221; background_enable_image=&#8221;off&#8221; width=&#8221;100%&#8221; custom_margin=&#8221;-80px||||false|false&#8221; custom_margin_tablet=&#8221;&#8221; custom_margin_phone=&#8221;0px||||false|false&#8221; custom_margin_last_edited=&#8221;on|phone&#8221; custom_padding=&#8221;60px|0px|0px||false|false&#8221; custom_padding_tablet=&#8221;||||false|false&#8221; custom_padding_phone=&#8221;0px||||false|false&#8221; filter_hue_rotate=&#8221;134deg&#8221; filter_saturate=&#8221;104%&#8221; background_last_edited=&#8221;on|desktop&#8221; use_background_color_gradient_phone=&#8221;off&#8221; border_color_all=&#8221;rgba(0,0,0,0)&#8221; box_shadow_style=&#8221;preset4&#8243; box_shadow_horizontal=&#8221;30vw&#8221; box_shadow_vertical=&#8221;0px&#8221; box_shadow_color=&#8221;#1700be&#8221; box_shadow_horizontal_tablet=&#8221;&#8221; box_shadow_horizontal_phone=&#8221;0vw&#8221; box_shadow_horizontal_last_edited=&#8221;on|phone&#8221;][et_pb_column type=&#8221;1_3&#8243; _builder_version=&#8221;4.7.3&#8243; border_color_all=&#8221;rgba(0,0,0,0)&#8221;][et_pb_text _builder_version=&#8221;4.7.6&#8243; header_3_font=&#8221;Kanit|700|||||||&#8221; header_3_font_size=&#8221;24px&#8221; header_3_line_height=&#8221;1.4em&#8221; background_layout=&#8221;dark&#8221; hover_enabled=&#8221;0&#8243; custom_margin_last_edited=&#8221;on|phone&#8221; custom_margin_phone=&#8221;|||30px|false|false&#8221; sticky_enabled=&#8221;0&#8243;]<\/p>\n<h3>Cont\u00e1ctanos<\/h3>\n<p>[\/et_pb_text][et_pb_blurb use_icon=&#8221;on&#8221; font_icon=&#8221;%%249%%&#8221; icon_color=&#8221;#ffffff&#8221; icon_placement=&#8221;left&#8221; content_max_width=&#8221;100%&#8221; use_icon_font_size=&#8221;on&#8221; icon_font_size=&#8221;16px&#8221; _builder_version=&#8221;4.7.6&#8243; body_line_height=&#8221;1.2em&#8221; background_layout=&#8221;dark&#8221; animation=&#8221;off&#8221; hover_enabled=&#8221;0&#8243; custom_margin_last_edited=&#8221;on|phone&#8221; custom_margin_phone=&#8221;|||30px|false|false&#8221; sticky_enabled=&#8221;0&#8243;]<\/p>\n<ul class=\"elementor-icon-list-items\">\n<li class=\"elementor-icon-list-item\">\n<h4><strong><span style=\"color: #ffffff;\"><a href=\"https:\/\/www.google.com\/maps\/dir\/\/AUTOSERVICIO+PROYET+S+DE+RL+DE+CV,+Calle+Humariza+9112,+32696+Cd+Ju%C3%A1rez,+Chih.\/data=!4m6!4m5!1m1!4e2!1m2!1m1!1s0x86e767701d274c3d:0xdf825e4b972251d7?sa=X&amp;ved=0ahUKEwjJu9a5i8TsAhUPCawKHRb1AqEQ48ADCFYwAQ\" style=\"color: #ffffff;\"><span class=\"elementor-icon-list-text\">Sucursal Humariza<\/span><\/a><\/span><\/strong><\/h4>\n<\/li>\n<li class=\"elementor-icon-list-item\">\n<h4><strong><span style=\"color: #ffffff;\"><a href=\"https:\/\/www.google.com\/maps\/dir\/\/AUTOSERVICIO+PROYET+S+DE+RL+DE+CV,+Av+Manuel+Talamas+Camandari,+32575+Cd+Ju%C3%A1rez,+Chih.\/data=!4m6!4m5!1m1!4e2!1m2!1m1!1s0x86e766176de7575b:0x570af6ae3ee25109?sa=X&amp;ved=0ahUKEwjJu9a5i8TsAhUPCawKHRb1AqEQ48ADCHAwAw\" style=\"color: #ffffff;\"><span class=\"elementor-icon-list-icon\"><i class=\"fa fa-map-marker\" aria-hidden=\"true\"><\/i><\/span><span class=\"elementor-icon-list-text\">Sucursal Talamas<\/span><\/a><\/span><\/strong><\/h4>\n<\/li>\n<li class=\"elementor-icon-list-item\">\n<h4><strong><span style=\"color: #ffffff;\"><a href=\"https:\/\/www.google.com\/maps\/dir\/\/AUTOSERVICIO+PROYET+S+DE+RL+DE+CV,+Av.+Ram%C3%B3n+Rayon+1830,+Praderas+del+Sur,+32575+Cd+Ju%C3%A1rez,+Chih.\/data=!4m6!4m5!1m1!4e2!1m2!1m1!1s0x86e767bf2ba78995:0x11998b1698152a9a?sa=X&amp;ved=0ahUKEwjJu9a5i8TsAhUPCawKHRb1AqEQ48ADCEgwAA\" style=\"color: #ffffff;\"><span class=\"elementor-icon-list-icon\"><i class=\"fa fa-map-marker\" aria-hidden=\"true\"><\/i><\/span><span class=\"elementor-icon-list-text\">Sucursal Ram\u00f3n Ray\u00f3n<\/span><\/a><\/span><\/strong><\/h4>\n<\/li>\n<li class=\"elementor-icon-list-item\">\n<h4><strong><span style=\"color: #ffffff;\"><a href=\"https:\/\/goo.gl\/maps\/RLdMrARZ2RSTdXq67\" style=\"color: #ffffff;\">Sucural Valentin Fuentes\u00a0<\/a><\/span><\/strong><\/h4>\n<\/li>\n<li class=\"elementor-icon-list-item\">\n<h4><strong><span style=\"color: #ffffff;\"><a href=\"https:\/\/goo.gl\/maps\/ufrHuRH5jVDgfV5S9\" style=\"color: #ffffff;\">Sucursal Central\u00a0<\/a><\/span><\/strong><\/h4>\n<\/li>\n<\/ul>\n<p>[\/et_pb_blurb][et_pb_blurb use_icon=&#8221;on&#8221; font_icon=&#8221;%%264%%&#8221; icon_color=&#8221;#ffffff&#8221; icon_placement=&#8221;left&#8221; content_max_width=&#8221;100%&#8221; use_icon_font_size=&#8221;on&#8221; icon_font_size=&#8221;16px&#8221; _builder_version=&#8221;4.7.6&#8243; body_line_height=&#8221;1.2em&#8221; background_layout=&#8221;dark&#8221; custom_margin=&#8221;|-27px||||&#8221; custom_padding=&#8221;|0px||||&#8221; animation=&#8221;off&#8221; link_option_url=&#8221;#&#8221; hover_enabled=&#8221;0&#8243; custom_margin_last_edited=&#8221;on|phone&#8221; custom_margin_phone=&#8221;|-27px||30px|false|false&#8221; sticky_enabled=&#8221;0&#8243;]<\/p>\n<ul>\n<li>\n<h4><span><span style=\"color: #ffffff;\"><strong>Humariza:<\/strong><\/span> <span style=\"text-decoration: underline;\"><span style=\"color: #ffffff; text-decoration: underline;\"><a href=\"tel:(656) 843-4251\" style=\"color: #ffffff; text-decoration: underline;\">(656) 843-4251<\/a><\/span><\/span><\/span><\/h4>\n<\/li>\n<li>\n<h4><span><strong>Talamas:<\/strong> <span style=\"text-decoration: underline;\"><span style=\"color: #ffffff;\"><a href=\"tel:(656) 701-9624\" style=\"color: #ffffff; text-decoration: underline;\">(656) 701-9624<\/a><\/span><\/span><\/span><span><\/span><\/h4>\n<\/li>\n<li>\n<h4><span><strong>Ram\u00f3n Ray\u00f3n:<\/strong> <span style=\"text-decoration: underline;\"><span style=\"color: #ffffff;\"><a href=\"tel:(656) 171-7407\u200b\" style=\"color: #ffffff; text-decoration: underline;\">(656) 171-7407\u200b<\/a><\/span><\/span><\/span><\/h4>\n<\/li>\n<li>\n<h4><strong>Valentin Fuentes:<\/strong> <span style=\"text-decoration: underline; color: #ffffff;\"><a href=\"tel:(656)\u00a0684-88-67\" style=\"color: #ffffff; text-decoration: underline;\">(656)\u00a0684-88-67<\/a><\/span><\/h4>\n<\/li>\n<li>\n<h4><strong>Central:<\/strong> <span style=\"text-decoration: underline; color: #ffffff;\"><a href=\"tel:(656) 213-13-13\" style=\"color: #ffffff; text-decoration: underline;\">(656) 213-13-13<\/a><\/span><\/h4>\n<p><span><\/span><\/p>\n<\/li>\n<\/ul>\n<p>[\/et_pb_blurb][et_pb_blurb use_icon=&#8221;on&#8221; font_icon=&#8221;%%238%%&#8221; icon_color=&#8221;#ffffff&#8221; icon_placement=&#8221;left&#8221; content_max_width=&#8221;100%&#8221; use_icon_font_size=&#8221;on&#8221; icon_font_size=&#8221;16px&#8221; _builder_version=&#8221;4.7.6&#8243; body_line_height=&#8221;1.2em&#8221; background_layout=&#8221;dark&#8221; animation=&#8221;off&#8221; link_option_url=&#8221;#&#8221; hover_enabled=&#8221;0&#8243; custom_margin_last_edited=&#8221;on|phone&#8221; custom_margin_phone=&#8221;|||30px|false|false&#8221; sticky_enabled=&#8221;0&#8243;]<\/p>\n<h4><strong><a href=\"mailto:autoservicioproyet@gmail.com\"><span style=\"color: #ffffff;\">autoservicioproyet@gmail.com<\/span><\/a><\/strong><\/h4>\n<p>[\/et_pb_blurb][\/et_pb_column][et_pb_column type=&#8221;1_3&#8243; _builder_version=&#8221;4.7.3&#8243;][et_pb_text _builder_version=&#8221;4.7.6&#8243; header_3_font=&#8221;Kanit|700|||||||&#8221; header_3_font_size=&#8221;24px&#8221; header_3_line_height=&#8221;1.4em&#8221; background_layout=&#8221;dark&#8221; hover_enabled=&#8221;0&#8243; locked=&#8221;off&#8221; custom_margin_last_edited=&#8221;on|phone&#8221; custom_margin_phone=&#8221;|||30px|false|false&#8221; sticky_enabled=&#8221;0&#8243;]<\/p>\n<h3>Links<\/h3>\n<p>[\/et_pb_text][et_pb_blurb use_icon=&#8221;on&#8221; font_icon=&#8221;%%137%%&#8221; icon_color=&#8221;#ffffff&#8221; icon_placement=&#8221;left&#8221; content_max_width=&#8221;100%&#8221; use_icon_font_size=&#8221;on&#8221; icon_font_size=&#8221;16px&#8221; _builder_version=&#8221;4.7.6&#8243; body_line_height=&#8221;1.2em&#8221; background_layout=&#8221;dark&#8221; animation=&#8221;off&#8221; hover_enabled=&#8221;0&#8243; custom_margin_last_edited=&#8221;on|phone&#8221; custom_margin_phone=&#8221;|||30px|false|false&#8221; sticky_enabled=&#8221;0&#8243;]<\/p>\n<ul class=\"elementor-icon-list-items\">\n<li class=\"elementor-icon-list-item\">\n<h4><strong><span style=\"color: #ffffff;\"><a href=\"https:\/\/proyet.com.mx\/?page_id=148\" style=\"color: #ffffff;\">Contacto<\/a><\/span><\/strong><\/h4>\n<\/li>\n<li class=\"elementor-icon-list-item\">\n<h4><a href=\"https:\/\/proyet.com.mx\/?page_id=354\"><strong><span style=\"color: #ffffff;\"><span class=\"elementor-icon-list-text\"><\/span><\/span><\/strong><strong><span><span class=\"elementor-icon-list-text\">Sobre Proyet<\/span><\/span><\/strong><\/a><\/h4>\n<\/li>\n<li>\n<h4><a href=\"https:\/\/proyet.com.mx\/?page_id=481\"><strong><span><span class=\"elementor-icon-list-text\">FAQ<\/span><\/span><\/strong><\/a><\/h4>\n<p><strong><span><span class=\"elementor-icon-list-text\"><\/span><\/span><\/strong><\/p>\n<\/li>\n<\/ul>\n<p>[\/et_pb_blurb][\/et_pb_column][et_pb_column type=&#8221;1_3&#8243; _builder_version=&#8221;4.7.3&#8243; filter_saturate=&#8221;102%&#8221; filter_brightness=&#8221;98%&#8221;][et_pb_code _builder_version=&#8221;4.7.3&#8243; _module_preset=&#8221;default&#8221; background_enable_color=&#8221;off&#8221; custom_margin=&#8221;|||0px|false|false&#8221; custom_padding=&#8221;0px||||false|false&#8221;]<iframe loading=\"lazy\" src=\"https:\/\/www.google.com\/maps\/embed?pb=!1m26!1m12!1m3!1d27174.96369447547!2d-106.4031303070756!3d31.63739695517011!2m3!1f0!2f0!3f0!3m2!1i1024!2i768!4f13.1!4m11!3e6!4m3!3m2!1d31.653888!2d-106.40097279999999!4m5!1s0x86e767bf2ba78995%3A0x11998b1698152a9a!2sAUTOSERVICIO%20PROYET%20S%20DE%20RL%20DE%20CV%2C%20Av.%20Ram%C3%B3n%20Rayon%201830%2C%20Praderas%20del%20Sur%2C%2032575%20Cd%20Ju%C3%A1rez%2C%20Chih.!3m2!1d31.621313899999997!2d-106.3725795!5e0!3m2!1sen!2smx!4v1603150849561!5m2!1sen!2smx\" width=\"600\" height=\"450\" frameborder=\"0\" style=\"border:0;\" allowfullscreen=\"\" aria-hidden=\"false\" tabindex=\"0\"><\/iframe>[\/et_pb_code][\/et_pb_column][\/et_pb_row][\/et_pb_section]<\/p>\n","protected":false},"excerpt":{"rendered":"<p>Preguntas frecuentes de clientesM\u00e1ndanos tu pregunta: autoservicioproyet@gmail.comUna de las razones principales del mantenimiento autom\u00f3vil es darle una lapso m\u00e1s amplio de vida a todo el mecanismo que logra el arranque de nuestro autom\u00f3vil, sin este el tiempo de vida es m\u00e1s corto y en casos m\u00e1s graves puede causar accidentes.Cada 10,000 Kms o 6 meses [&hellip;]<\/p>\n","protected":false},"author":1,"featured_media":0,"parent":0,"menu_order":0,"comment_status":"closed","ping_status":"closed","template":"","meta":{"nf_dc_page":"","_et_pb_use_builder":"on","_et_pb_old_content":"","_et_gb_content_width":"","om_disable_all_campaigns":false,"_monsterinsights_skip_tracking":false,"_monsterinsights_sitenote_active":false,"_monsterinsights_sitenote_note":"","_monsterinsights_sitenote_category":0,"footnotes":""},"class_list":["post-481","page","type-page","status-publish","hentry"],"jetpack_sharing_enabled":true,"_links":{"self":[{"href":"https:\/\/proyet.com.mx\/index.php?rest_route=\/wp\/v2\/pages\/481","targetHints":{"allow":["GET"]}}],"collection":[{"href":"https:\/\/proyet.com.mx\/index.php?rest_route=\/wp\/v2\/pages"}],"about":[{"href":"https:\/\/proyet.com.mx\/index.php?rest_route=\/wp\/v2\/types\/page"}],"author":[{"embeddable":true,"href":"https:\/\/proyet.com.mx\/index.php?rest_route=\/wp\/v2\/users\/1"}],"replies":[{"embeddable":true,"href":"https:\/\/proyet.com.mx\/index.php?rest_route=%2Fwp%2Fv2%2Fcomments&post=481"}],"version-history":[{"count":10,"href":"https:\/\/proyet.com.mx\/index.php?rest_route=\/wp\/v2\/pages\/481\/revisions"}],"predecessor-version":[{"id":551,"href":"https:\/\/proyet.com.mx\/index.php?rest_route=\/wp\/v2\/pages\/481\/revisions\/551"}],"wp:attachment":[{"href":"https:\/\/proyet.com.mx\/index.php?rest_route=%2Fwp%2Fv2%2Fmedia&parent=481"}],"curies":[{"name":"wp","href":"https:\/\/api.w.org\/{rel}","templated":true}]}}