{"id":148,"date":"2020-10-21T22:48:26","date_gmt":"2020-10-21T22:48:26","guid":{"rendered":"http:\/\/proyet.com.mx\/?page_id=148"},"modified":"2020-12-21T17:43:31","modified_gmt":"2020-12-21T17:43:31","slug":"148-2","status":"publish","type":"page","link":"https:\/\/proyet.com.mx\/?page_id=148","title":{"rendered":"Contacto"},"content":{"rendered":"<p>[et_pb_section fb_built=&#8221;1&#8243; admin_label=&#8221;Header&#8221; _builder_version=&#8221;4.7.3&#8243; use_background_color_gradient=&#8221;on&#8221; background_color_gradient_start=&#8221;rgba(23,0,190,0)&#8221; background_color_gradient_end=&#8221;rgba(224,11,0,0.62)&#8221; background_color_gradient_overlays_image=&#8221;on&#8221; background_image=&#8221;https:\/\/proyet.com.mx\/wp-content\/uploads\/2020\/11\/9.jpg&#8221; locked=&#8221;off&#8221;][et_pb_row _builder_version=&#8221;4.7.3&#8243;][et_pb_column type=&#8221;4_4&#8243; _builder_version=&#8221;4.7.3&#8243;][et_pb_text _builder_version=&#8221;4.6.6&#8243; text_font_size=&#8221;16px&#8221; text_line_height=&#8221;1.8em&#8221; header_font=&#8221;Kanit|700|||||||&#8221; header_font_size=&#8221;80px&#8221; background_layout=&#8221;dark&#8221; max_width=&#8221;550px&#8221; header_font_size_tablet=&#8221;60px&#8221; header_font_size_phone=&#8221;42px&#8221; header_font_size_last_edited=&#8221;on|phone&#8221; locked=&#8221;off&#8221;]<\/p>\n<h1>Cont\u00e1ctanos<\/h1>\n<p>[\/et_pb_text][\/et_pb_column][\/et_pb_row][\/et_pb_section][et_pb_section fb_built=&#8221;1&#8243; admin_label=&#8221;Contact&#8221; _builder_version=&#8221;4.7.6&#8243; z_index=&#8221;10&#8243; bottom_divider_height=&#8221;1200px&#8221; bottom_divider_arrangement=&#8221;above_content&#8221;][et_pb_row _builder_version=&#8221;4.3.1&#8243; custom_margin=&#8221;-53px|auto||auto||&#8221; custom_padding=&#8221;||42px|||&#8221;][et_pb_column type=&#8221;4_4&#8243; _builder_version=&#8221;4.3.1&#8243;][et_pb_text _builder_version=&#8221;4.7.6&#8243; _module_preset=&#8221;default&#8221; custom_margin=&#8221;||0px||false|false&#8221;]<\/p>\n<h2 class=\"elementor-headline elementor-headline-animation-type-slide\"><span class=\"elementor-headline-plain-text elementor-headline-text-wrapper\" style=\"color: #000000;\"><\/span><\/h2>\n<h2 class=\"elementor-headline elementor-headline-animation-type-slide\"><span class=\"elementor-headline-plain-text elementor-headline-text-wrapper\" style=\"color: #000000;\">Conoce c\u00f3mo obtener tu cr\u00e9dito<\/span><\/h2>\n<p><span class=\"elementor-headline-plain-text elementor-headline-text-wrapper\" style=\"color: #ffffff;\"><\/span><\/p>\n<p><span style=\"color: #000000;\">Descubre la forma m\u00e1s sencilla de adquirir tu cr\u00e9dito con nosotros. <\/span><span style=\"color: #000000;\">Obtendr\u00e1s los<br \/> <\/span><span style=\"color: #000000;\">mejores beneficios para ti y tu autom\u00f3vil, ingresa tus datos en la siguiente forma<br \/> <\/span><span style=\"color: #000000;\">y cont\u00e1ctanos.<\/span><\/p>\n<p>[\/et_pb_text][\/et_pb_column][\/et_pb_row][et_pb_row column_structure=&#8221;3_5,2_5&#8243; _builder_version=&#8221;4.7.6&#8243; custom_margin=&#8221;-30px||||false|false&#8221; custom_padding=&#8221;0px||0px||false|false&#8221; hover_enabled=&#8221;0&#8243; sticky_enabled=&#8221;0&#8243;][et_pb_column type=&#8221;3_5&#8243; _builder_version=&#8221;4.3.2&#8243;][et_pb_contact_form captcha=&#8221;off&#8221; email=&#8221; autoservicioproyet@gmail.com&#8221; success_message=&#8221;\u00a1Gracias por escribirnos!&#8221; submit_button_text=&#8221;Contactar&#8221; _builder_version=&#8221;4.7.6&#8243; form_field_background_color=&#8221;rgba(0,0,0,0)&#8221; custom_button=&#8221;on&#8221; button_text_size=&#8221;18px&#8221; button_text_color=&#8221;#ffffff&#8221; button_bg_color=&#8221;#e00b00&#8243; button_border_width=&#8221;8px&#8221; button_border_color=&#8221;rgba(0,0,0,0)&#8221; button_border_radius=&#8221;0px&#8221; button_font=&#8221;Kanit|700|||||||&#8221; button_icon=&#8221;%%3%%&#8221; button_custom_padding=&#8221;||||false|false&#8221; border_width_all=&#8221;1px&#8221; border_color_all=&#8221;rgba(10,10,10,0.12)&#8221; box_shadow_style_button=&#8221;preset2&#8243; box_shadow_color_button=&#8221;rgba(0,0,0,0.62)&#8221;][et_pb_contact_field field_id=&#8221;Nombre&#8221; field_title=&#8221;Nombre&#8221; fullwidth_field=&#8221;on&#8221; _builder_version=&#8221;4.6.6&#8243; box_shadow_style=&#8221;preset2&#8243; button_text_size__hover_enabled=&#8221;off&#8221; button_one_text_size__hover_enabled=&#8221;off&#8221; button_two_text_size__hover_enabled=&#8221;off&#8221; button_text_color__hover_enabled=&#8221;off&#8221; button_one_text_color__hover_enabled=&#8221;off&#8221; button_two_text_color__hover_enabled=&#8221;off&#8221; button_border_width__hover_enabled=&#8221;off&#8221; button_one_border_width__hover_enabled=&#8221;off&#8221; button_two_border_width__hover_enabled=&#8221;off&#8221; button_border_color__hover_enabled=&#8221;off&#8221; button_one_border_color__hover_enabled=&#8221;off&#8221; button_two_border_color__hover_enabled=&#8221;off&#8221; button_border_radius__hover_enabled=&#8221;off&#8221; button_one_border_radius__hover_enabled=&#8221;off&#8221; button_two_border_radius__hover_enabled=&#8221;off&#8221; button_letter_spacing__hover_enabled=&#8221;off&#8221; button_one_letter_spacing__hover_enabled=&#8221;off&#8221; button_two_letter_spacing__hover_enabled=&#8221;off&#8221; button_bg_color__hover_enabled=&#8221;off&#8221; button_one_bg_color__hover_enabled=&#8221;off&#8221; button_two_bg_color__hover_enabled=&#8221;off&#8221;][\/et_pb_contact_field][et_pb_contact_field field_id=&#8221;Correo&#8221; field_title=&#8221;Correo electr\u00f3nico&#8221; field_type=&#8221;email&#8221; fullwidth_field=&#8221;on&#8221; _builder_version=&#8221;4.6.6&#8243; box_shadow_style=&#8221;preset2&#8243; button_text_size__hover_enabled=&#8221;off&#8221; button_one_text_size__hover_enabled=&#8221;off&#8221; button_two_text_size__hover_enabled=&#8221;off&#8221; button_text_color__hover_enabled=&#8221;off&#8221; button_one_text_color__hover_enabled=&#8221;off&#8221; button_two_text_color__hover_enabled=&#8221;off&#8221; button_border_width__hover_enabled=&#8221;off&#8221; button_one_border_width__hover_enabled=&#8221;off&#8221; button_two_border_width__hover_enabled=&#8221;off&#8221; button_border_color__hover_enabled=&#8221;off&#8221; button_one_border_color__hover_enabled=&#8221;off&#8221; button_two_border_color__hover_enabled=&#8221;off&#8221; button_border_radius__hover_enabled=&#8221;off&#8221; button_one_border_radius__hover_enabled=&#8221;off&#8221; button_two_border_radius__hover_enabled=&#8221;off&#8221; button_letter_spacing__hover_enabled=&#8221;off&#8221; button_one_letter_spacing__hover_enabled=&#8221;off&#8221; button_two_letter_spacing__hover_enabled=&#8221;off&#8221; button_bg_color__hover_enabled=&#8221;off&#8221; button_one_bg_color__hover_enabled=&#8221;off&#8221; button_two_bg_color__hover_enabled=&#8221;off&#8221;][\/et_pb_contact_field][et_pb_contact_field field_id=&#8221;Raz\u00f3n&#8221; field_title=&#8221;Raz\u00f3n&#8221; fullwidth_field=&#8221;on&#8221; _builder_version=&#8221;4.6.6&#8243; box_shadow_style=&#8221;preset2&#8243; button_text_size__hover_enabled=&#8221;off&#8221; button_one_text_size__hover_enabled=&#8221;off&#8221; button_two_text_size__hover_enabled=&#8221;off&#8221; button_text_color__hover_enabled=&#8221;off&#8221; button_one_text_color__hover_enabled=&#8221;off&#8221; button_two_text_color__hover_enabled=&#8221;off&#8221; button_border_width__hover_enabled=&#8221;off&#8221; button_one_border_width__hover_enabled=&#8221;off&#8221; button_two_border_width__hover_enabled=&#8221;off&#8221; button_border_color__hover_enabled=&#8221;off&#8221; button_one_border_color__hover_enabled=&#8221;off&#8221; button_two_border_color__hover_enabled=&#8221;off&#8221; button_border_radius__hover_enabled=&#8221;off&#8221; button_one_border_radius__hover_enabled=&#8221;off&#8221; button_two_border_radius__hover_enabled=&#8221;off&#8221; button_letter_spacing__hover_enabled=&#8221;off&#8221; button_one_letter_spacing__hover_enabled=&#8221;off&#8221; button_two_letter_spacing__hover_enabled=&#8221;off&#8221; button_bg_color__hover_enabled=&#8221;off&#8221; button_one_bg_color__hover_enabled=&#8221;off&#8221; button_two_bg_color__hover_enabled=&#8221;off&#8221;][\/et_pb_contact_field][et_pb_contact_field field_id=&#8221;Modelo_de_autom\u00f3vil&#8221; field_title=&#8221;Modelo de autom\u00f3vil&#8221; fullwidth_field=&#8221;on&#8221; _builder_version=&#8221;4.6.6&#8243; box_shadow_style=&#8221;preset2&#8243; button_text_size__hover_enabled=&#8221;off&#8221; button_one_text_size__hover_enabled=&#8221;off&#8221; button_two_text_size__hover_enabled=&#8221;off&#8221; button_text_color__hover_enabled=&#8221;off&#8221; button_one_text_color__hover_enabled=&#8221;off&#8221; button_two_text_color__hover_enabled=&#8221;off&#8221; button_border_width__hover_enabled=&#8221;off&#8221; button_one_border_width__hover_enabled=&#8221;off&#8221; button_two_border_width__hover_enabled=&#8221;off&#8221; button_border_color__hover_enabled=&#8221;off&#8221; button_one_border_color__hover_enabled=&#8221;off&#8221; button_two_border_color__hover_enabled=&#8221;off&#8221; button_border_radius__hover_enabled=&#8221;off&#8221; button_one_border_radius__hover_enabled=&#8221;off&#8221; button_two_border_radius__hover_enabled=&#8221;off&#8221; button_letter_spacing__hover_enabled=&#8221;off&#8221; button_one_letter_spacing__hover_enabled=&#8221;off&#8221; button_two_letter_spacing__hover_enabled=&#8221;off&#8221; button_bg_color__hover_enabled=&#8221;off&#8221; button_one_bg_color__hover_enabled=&#8221;off&#8221; button_two_bg_color__hover_enabled=&#8221;off&#8221;][\/et_pb_contact_field][et_pb_contact_field field_id=&#8221;Mensaje&#8221; field_title=&#8221;Mensaje&#8221; field_type=&#8221;text&#8221; fullwidth_field=&#8221;on&#8221; _builder_version=&#8221;4.6.6&#8243; box_shadow_style=&#8221;preset2&#8243; button_text_size__hover_enabled=&#8221;off&#8221; button_one_text_size__hover_enabled=&#8221;off&#8221; button_two_text_size__hover_enabled=&#8221;off&#8221; button_text_color__hover_enabled=&#8221;off&#8221; button_one_text_color__hover_enabled=&#8221;off&#8221; button_two_text_color__hover_enabled=&#8221;off&#8221; button_border_width__hover_enabled=&#8221;off&#8221; button_one_border_width__hover_enabled=&#8221;off&#8221; button_two_border_width__hover_enabled=&#8221;off&#8221; button_border_color__hover_enabled=&#8221;off&#8221; button_one_border_color__hover_enabled=&#8221;off&#8221; button_two_border_color__hover_enabled=&#8221;off&#8221; button_border_radius__hover_enabled=&#8221;off&#8221; button_one_border_radius__hover_enabled=&#8221;off&#8221; button_two_border_radius__hover_enabled=&#8221;off&#8221; button_letter_spacing__hover_enabled=&#8221;off&#8221; button_one_letter_spacing__hover_enabled=&#8221;off&#8221; button_two_letter_spacing__hover_enabled=&#8221;off&#8221; button_bg_color__hover_enabled=&#8221;off&#8221; button_one_bg_color__hover_enabled=&#8221;off&#8221; button_two_bg_color__hover_enabled=&#8221;off&#8221;][\/et_pb_contact_field][\/et_pb_contact_form][\/et_pb_column][et_pb_column type=&#8221;2_5&#8243; _builder_version=&#8221;4.7.3&#8243; background_enable_color=&#8221;off&#8221; use_background_color_gradient=&#8221;on&#8221; background_color_gradient_start=&#8221;#e00b00&#8243; background_color_gradient_end=&#8221;rgba(23,0,189,0)&#8221; background_color_gradient_direction=&#8221;135deg&#8221; background_color_gradient_start_position=&#8221;70%&#8221; background_color_gradient_end_position=&#8221;0%&#8221; positioning=&#8221;absolute&#8221; position_origin_a=&#8221;top_right&#8221; position_origin_f=&#8221;top_right&#8221; vertical_offset=&#8221;-325px&#8221; position_origin_a_tablet=&#8221;&#8221; position_origin_a_phone=&#8221;&#8221; position_origin_a_last_edited=&#8221;on|tablet&#8221; position_origin_f_tablet=&#8221;&#8221; position_origin_f_phone=&#8221;&#8221; position_origin_f_last_edited=&#8221;on|tablet&#8221; position_origin_r_tablet=&#8221;&#8221; position_origin_r_phone=&#8221;&#8221; position_origin_r_last_edited=&#8221;on|tablet&#8221; custom_padding=&#8221;80px|40px|300px|40px|false|true&#8221; custom_padding_tablet=&#8221;|||0px|false|false&#8221; custom_padding_last_edited=&#8221;off|desktop&#8221; positioning_tablet=&#8221;none&#8221; positioning_phone=&#8221;&#8221; positioning_last_edited=&#8221;on|tablet&#8221;][et_pb_blurb title=&#8221;Vis\u00edtanos&#8221; use_icon=&#8221;on&#8221; font_icon=&#8221;%%249%%&#8221; use_circle=&#8221;on&#8221; circle_color=&#8221;#ffffff&#8221; icon_alignment=&#8221;left&#8221; use_icon_font_size=&#8221;on&#8221; icon_font_size=&#8221;24px&#8221; icon_color_tablet=&#8221;#ffffff&#8221; icon_color_last_edited=&#8221;off|phone&#8221; circle_color_tablet=&#8221;#1700be&#8221; circle_color_last_edited=&#8221;off|phone&#8221; _builder_version=&#8221;4.7.6&#8243; header_font=&#8221;|700|||||||&#8221; header_text_color=&#8221;#ffffff&#8221; header_font_size=&#8221;24px&#8221; header_line_height=&#8221;1.4em&#8221; body_text_color=&#8221;#000000&#8243; body_line_height=&#8221;1.8em&#8221; background_color=&#8221;rgba(0,0,0,0)&#8221; background_layout=&#8221;dark&#8221; custom_margin=&#8221;-60px||||false|false&#8221; custom_margin_tablet=&#8221;50px||||false|false&#8221; custom_margin_last_edited=&#8221;off|desktop&#8221; animation=&#8221;off&#8221; hover_enabled=&#8221;0&#8243; background_layout_tablet=&#8221;light&#8221; background_layout_last_edited=&#8221;off|desktop&#8221; sticky_enabled=&#8221;0&#8243;]<\/p>\n<ul>\n<li class=\"elementor-icon-list-item\"><span style=\"color: #ffffff;\"><a href=\"https:\/\/www.google.com\/maps\/dir\/\/AUTOSERVICIO+PROYET+S+DE+RL+DE+CV,+Calle+Humariza+9112,+32696+Cd+Ju%C3%A1rez,+Chih.\/data=!4m6!4m5!1m1!4e2!1m2!1m1!1s0x86e767701d274c3d:0xdf825e4b972251d7?sa=X&amp;ved=0ahUKEwjJu9a5i8TsAhUPCawKHRb1AqEQ48ADCFYwAQ\" style=\"color: #ffffff;\"><span class=\"elementor-icon-list-text\">Sucursal Humariza<\/span><\/a><\/span><\/li>\n<li class=\"elementor-icon-list-item\"><span style=\"color: #ffffff;\"><a href=\"https:\/\/www.google.com\/maps\/dir\/\/AUTOSERVICIO+PROYET+S+DE+RL+DE+CV,+Av+Manuel+Talamas+Camandari,+32575+Cd+Ju%C3%A1rez,+Chih.\/data=!4m6!4m5!1m1!4e2!1m2!1m1!1s0x86e766176de7575b:0x570af6ae3ee25109?sa=X&amp;ved=0ahUKEwjJu9a5i8TsAhUPCawKHRb1AqEQ48ADCHAwAw\" style=\"color: #ffffff;\"><span class=\"elementor-icon-list-icon\"><i class=\"fa fa-map-marker\" aria-hidden=\"true\"><\/i><\/span><span class=\"elementor-icon-list-text\">Sucursal Talamas<\/span><\/a><\/span><\/li>\n<li class=\"elementor-icon-list-item\"><span style=\"color: #ffffff;\"><a href=\"https:\/\/www.google.com\/maps\/dir\/\/AUTOSERVICIO+PROYET+S+DE+RL+DE+CV,+Av.+Ram%C3%B3n+Rayon+1830,+Praderas+del+Sur,+32575+Cd+Ju%C3%A1rez,+Chih.\/data=!4m6!4m5!1m1!4e2!1m2!1m1!1s0x86e767bf2ba78995:0x11998b1698152a9a?sa=X&amp;ved=0ahUKEwjJu9a5i8TsAhUPCawKHRb1AqEQ48ADCEgwAA\" style=\"color: #ffffff;\"><span class=\"elementor-icon-list-icon\"><i class=\"fa fa-map-marker\" aria-hidden=\"true\"><\/i><\/span><span class=\"elementor-icon-list-text\">Sucursal Ram\u00f3n Ray\u00f3n<\/span><\/a><\/span><\/li>\n<li class=\"elementor-icon-list-item\"><span style=\"color: #ffffff;\"><a href=\"https:\/\/goo.gl\/maps\/BybZ6uAjGTjACuQ78\" style=\"color: #ffffff;\">Sucural Valentin Fuentes\u00a0<\/a><\/span><\/li>\n<li class=\"elementor-icon-list-item\"><span style=\"color: #ffffff;\"><a href=\"https:\/\/goo.gl\/maps\/ufrHuRH5jVDgfV5S9\" style=\"color: #ffffff;\">Sucursal Central\u00a0<\/a><\/span><\/li>\n<\/ul>\n<p>[\/et_pb_blurb][et_pb_blurb title=&#8221;Ll\u00e1manos&#8221; use_icon=&#8221;on&#8221; font_icon=&#8221;%%264%%&#8221; use_circle=&#8221;on&#8221; circle_color=&#8221;#ffffff&#8221; icon_alignment=&#8221;left&#8221; use_icon_font_size=&#8221;on&#8221; icon_font_size=&#8221;24px&#8221; _builder_version=&#8221;4.7.6&#8243; header_font=&#8221;|700|||||||&#8221; header_text_color=&#8221;#ffffff&#8221; header_font_size=&#8221;24px&#8221; header_line_height=&#8221;1.4em&#8221; body_text_color=&#8221;#000000&#8243; body_line_height=&#8221;1.8em&#8221; background_layout=&#8221;dark&#8221; animation=&#8221;off&#8221; hover_enabled=&#8221;0&#8243; custom_margin=&#8221;-25px||||false|false&#8221; sticky_enabled=&#8221;0&#8243; custom_margin_last_edited=&#8221;on|phone&#8221; custom_margin_phone=&#8221;-35px||||false|false&#8221;]<\/p>\n<ul>\n<li><span style=\"color: #ffffff;\">Humariza. Tel: <strong><span style=\"text-decoration: underline;\"><a href=\"tel:(656) 843-4251\" style=\"color: #ffffff; text-decoration: underline;\">(656) 843-4251<\/a><\/span><\/strong><\/span><\/li>\n<li><span style=\"color: #ffffff;\">Talamas. Tel: <strong><span style=\"text-decoration: underline;\"><a href=\"tel:(656) 701-9624\" style=\"color: #ffffff; text-decoration: underline;\">(656) 701-9624<\/a><\/span><\/strong><\/span><\/li>\n<li><span style=\"color: #ffffff;\">Ram\u00f3n Ray\u00f3n Tel: <strong><span style=\"text-decoration: underline;\"><a href=\"tel:(656) 171-7407\u200b\" style=\"color: #ffffff; text-decoration: underline;\">(656) 171-7407\u200b<\/a><\/span><\/strong><\/span><\/li>\n<li><span style=\"color: #ffffff;\">Valentin Fuentes Tel: <strong><span style=\"text-decoration: underline;\"><a href=\"tel:(656)\u00a0684-88-67\" style=\"color: #ffffff; text-decoration: underline;\">(656)\u00a0684-88-67<\/a><\/span><\/strong><\/span><\/li>\n<li><span style=\"color: #ffffff;\">Central Tel: <strong><span style=\"text-decoration: underline;\"><a href=\"tel:(656) 213-13-13\" style=\"color: #ffffff; text-decoration: underline;\"><span style=\"color: #ffffff; text-decoration: underline;\">(656) 213-<\/span>13-13<\/a><\/span><\/strong><\/span><\/li>\n<\/ul>\n<p>[\/et_pb_blurb][et_pb_blurb title=&#8221;Mand\u00e1nos un correo&#8221; use_icon=&#8221;on&#8221; font_icon=&#8221;%%238%%&#8221; use_circle=&#8221;on&#8221; circle_color=&#8221;#ffffff&#8221; icon_alignment=&#8221;left&#8221; use_icon_font_size=&#8221;on&#8221; icon_font_size=&#8221;24px&#8221; _builder_version=&#8221;4.7.6&#8243; header_font=&#8221;|700|||||||&#8221; header_text_color=&#8221;#ffffff&#8221; header_font_size=&#8221;24px&#8221; header_line_height=&#8221;1.4em&#8221; body_text_color=&#8221;#000000&#8243; body_line_height=&#8221;1.8em&#8221; background_layout=&#8221;dark&#8221; animation=&#8221;off&#8221; hover_enabled=&#8221;0&#8243; custom_margin=&#8221;-25px||||false|false&#8221; sticky_enabled=&#8221;0&#8243; content_last_edited=&#8221;off|phone&#8221; custom_margin_last_edited=&#8221;on|desktop&#8221; custom_margin_phone=&#8221;-40px||10px||false|false&#8221; custom_padding=&#8221;||94px|||&#8221;]<\/p>\n<ul>\n<li><span style=\"color: #ffffff;\"><a href=\"mailto:autoservicioproyet@gmail.com\" style=\"color: #ffffff;\">autoservicioproyet@gmail.com<\/a><\/span><\/li>\n<\/ul>\n<p>[\/et_pb_blurb][\/et_pb_column][\/et_pb_row][\/et_pb_section]<\/p>\n","protected":false},"excerpt":{"rendered":"<p>Cont\u00e1ctanos Conoce c\u00f3mo obtener tu cr\u00e9dito Descubre la forma m\u00e1s sencilla de adquirir tu cr\u00e9dito con nosotros. Obtendr\u00e1s los mejores beneficios para ti y tu autom\u00f3vil, ingresa tus datos en la siguiente forma y cont\u00e1ctanos. Sucursal Humariza Sucursal Talamas Sucursal Ram\u00f3n Ray\u00f3n Sucural Valentin Fuentes\u00a0 Sucursal Central\u00a0 Humariza. Tel: (656) 843-4251 Talamas. Tel: (656) 701-9624 [&hellip;]<\/p>\n","protected":false},"author":1,"featured_media":0,"parent":0,"menu_order":0,"comment_status":"closed","ping_status":"closed","template":"","meta":{"nf_dc_page":"","_et_pb_use_builder":"on","_et_pb_old_content":"","_et_gb_content_width":"","om_disable_all_campaigns":false,"_monsterinsights_skip_tracking":false,"_monsterinsights_sitenote_active":false,"_monsterinsights_sitenote_note":"","_monsterinsights_sitenote_category":0,"footnotes":""},"class_list":["post-148","page","type-page","status-publish","hentry"],"jetpack_sharing_enabled":true,"_links":{"self":[{"href":"https:\/\/proyet.com.mx\/index.php?rest_route=\/wp\/v2\/pages\/148","targetHints":{"allow":["GET"]}}],"collection":[{"href":"https:\/\/proyet.com.mx\/index.php?rest_route=\/wp\/v2\/pages"}],"about":[{"href":"https:\/\/proyet.com.mx\/index.php?rest_route=\/wp\/v2\/types\/page"}],"author":[{"embeddable":true,"href":"https:\/\/proyet.com.mx\/index.php?rest_route=\/wp\/v2\/users\/1"}],"replies":[{"embeddable":true,"href":"https:\/\/proyet.com.mx\/index.php?rest_route=%2Fwp%2Fv2%2Fcomments&post=148"}],"version-history":[{"count":14,"href":"https:\/\/proyet.com.mx\/index.php?rest_route=\/wp\/v2\/pages\/148\/revisions"}],"predecessor-version":[{"id":511,"href":"https:\/\/proyet.com.mx\/index.php?rest_route=\/wp\/v2\/pages\/148\/revisions\/511"}],"wp:attachment":[{"href":"https:\/\/proyet.com.mx\/index.php?rest_route=%2Fwp%2Fv2%2Fmedia&parent=148"}],"curies":[{"name":"wp","href":"https:\/\/api.w.org\/{rel}","templated":true}]}}